{"id":73,"date":"2024-09-02T15:13:40","date_gmt":"2024-09-02T15:13:40","guid":{"rendered":"https:\/\/famapak.pl\/?page_id=73"},"modified":"2024-09-17T19:35:42","modified_gmt":"2024-09-17T19:35:42","slug":"narozniki","status":"publish","type":"page","link":"https:\/\/famapak.pl\/index.php\/narozniki\/","title":{"rendered":"Naro\u017cniki"},"content":{"rendered":"\n<div class=\"wp-block-cover alignfull is-light\"><span aria-hidden=\"true\" class=\"wp-block-cover__background has-background-dim-100 has-background-dim\" style=\"background-color:#f3f3f3\"><\/span><div class=\"wp-block-cover__inner-container has-global-padding is-layout-constrained wp-container-core-cover-is-layout-1 wp-block-cover-is-layout-constrained\">\n<div class=\"wp-block-group alignfull has-global-padding is-layout-constrained wp-container-core-group-is-layout-3 wp-block-group-is-layout-constrained\" style=\"padding-top:80px;padding-bottom:80px\">\n<div class=\"wp-block-columns alignwide is-layout-flex wp-container-core-columns-is-layout-1 wp-block-columns-is-layout-flex\">\n<div class=\"wp-block-column is-layout-flow wp-block-column-is-layout-flow\" style=\"padding-right:10px;padding-left:10px;flex-basis:40%\">\n<figure class=\"wp-block-image aligncenter size-full has-custom-border\"><img loading=\"lazy\" decoding=\"async\" width=\"601\" height=\"444\" src=\"https:\/\/famapak.pl\/wp-content\/uploads\/2024\/09\/Katowniki-Tekturowe-Narozniki-100cm-30-30-mm_2104_1200.jpg\" alt=\"\" class=\"wp-image-196\" style=\"border-radius:16px;box-shadow:6px 6px 9px rgba(0, 0, 0, 0.2)\" srcset=\"https:\/\/famapak.pl\/wp-content\/uploads\/2024\/09\/Katowniki-Tekturowe-Narozniki-100cm-30-30-mm_2104_1200.jpg 601w, https:\/\/famapak.pl\/wp-content\/uploads\/2024\/09\/Katowniki-Tekturowe-Narozniki-100cm-30-30-mm_2104_1200-300x222.jpg 300w\" sizes=\"(max-width: 601px) 100vw, 601px\" \/><\/figure>\n<\/div>\n\n\n\n<div class=\"wp-block-column is-vertically-aligned-center is-layout-flow wp-block-column-is-layout-flow\" style=\"padding-right:10px;padding-left:10px;flex-basis:60%\">\n<div class=\"wp-block-group is-content-justification-center is-nowrap is-layout-flex wp-container-core-group-is-layout-2 wp-block-group-is-layout-flex\">\n<div class=\"wp-block-group has-global-padding is-content-justification-left is-layout-constrained wp-container-core-group-is-layout-1 wp-block-group-is-layout-constrained\" style=\"padding-top:30px;padding-bottom:30px\">\n<h2 class=\"wp-block-heading has-text-color has-link-color has-hedvig-letters-serif-regular-font-family wp-elements-d7e9949ca050d08e6fb202c6985b53c9\" style=\"color:#242925;font-size:clamp(1.502rem, 1.502rem + ((1vw - 0.2rem) * 1.815), 2.5rem);\">Naro\u017cniki tekturowe<\/h2>\n\n\n\n<p style=\"margin-top:0px;margin-right:0px;margin-bottom:0px;margin-left:0px;padding-top:20px;padding-right:0px;padding-bottom:0px;padding-left:0px\">Naro\u017cniki tekturowe stanowi\u0105 ochron\u0119 i stabilizacj\u0119 towar\u00f3w na paletach podczas magazynowania i transportu. Naro\u017cniki chroni\u0105 Twoje produkty na palecie przed uszkodzeniami mechanicznymi, zgnieceniami i otarciami. Nie \u0142ami\u0105 si\u0119, nie rozwarstwiaj\u0105 i s\u0105 odporne na wstrz\u0105sy.<br><\/p>\n\n\n\n<p style=\"margin-top:0px;margin-right:0px;margin-bottom:0px;margin-left:0px;padding-top:20px;padding-right:0px;padding-bottom:0px;padding-left:0px\">W ofercie mamy szerok\u0105 gam\u0119 rozmiar\u00f3w oraz naro\u017cniki w r\u00f3\u017cnych szeroko\u015bciach, grubo\u015bciach i d\u0142ugo\u015bciach.<\/p>\n<\/div>\n<\/div>\n<\/div>\n<\/div>\n<\/div>\n<\/div><\/div>\n","protected":false},"excerpt":{"rendered":"","protected":false},"author":1,"featured_media":0,"parent":0,"menu_order":0,"comment_status":"closed","ping_status":"closed","template":"","meta":{"footnotes":""},"class_list":["post-73","page","type-page","status-publish","hentry"],"_links":{"self":[{"href":"https:\/\/famapak.pl\/index.php\/wp-json\/wp\/v2\/pages\/73"}],"collection":[{"href":"https:\/\/famapak.pl\/index.php\/wp-json\/wp\/v2\/pages"}],"about":[{"href":"https:\/\/famapak.pl\/index.php\/wp-json\/wp\/v2\/types\/page"}],"author":[{"embeddable":true,"href":"https:\/\/famapak.pl\/index.php\/wp-json\/wp\/v2\/users\/1"}],"replies":[{"embeddable":true,"href":"https:\/\/famapak.pl\/index.php\/wp-json\/wp\/v2\/comments?post=73"}],"version-history":[{"count":4,"href":"https:\/\/famapak.pl\/index.php\/wp-json\/wp\/v2\/pages\/73\/revisions"}],"predecessor-version":[{"id":256,"href":"https:\/\/famapak.pl\/index.php\/wp-json\/wp\/v2\/pages\/73\/revisions\/256"}],"wp:attachment":[{"href":"https:\/\/famapak.pl\/index.php\/wp-json\/wp\/v2\/media?parent=73"}],"curies":[{"name":"wp","href":"https:\/\/api.w.org\/{rel}","templated":true}]}}