{"id":71,"date":"2024-09-02T15:13:02","date_gmt":"2024-09-02T15:13:02","guid":{"rendered":"https:\/\/famapak.pl\/?page_id=71"},"modified":"2024-10-04T11:09:58","modified_gmt":"2024-10-04T11:09:58","slug":"przekladki","status":"publish","type":"page","link":"https:\/\/famapak.pl\/index.php\/przekladki\/","title":{"rendered":"Przek\u0142adki"},"content":{"rendered":"\n<div class=\"wp-block-cover alignfull is-light\"><span aria-hidden=\"true\" class=\"wp-block-cover__background has-background-dim-100 has-background-dim\" style=\"background-color:#f3f3f3\"><\/span><div class=\"wp-block-cover__inner-container has-global-padding is-layout-constrained wp-container-core-cover-is-layout-1 wp-block-cover-is-layout-constrained\">\n<h2 class=\"wp-block-heading has-text-color has-link-color has-hedvig-letters-serif-regular-font-family wp-elements-04ea2919f93ea08cd54dbf986727e7d4\" style=\"color:#242925\">Przek\u0142adki<\/h2>\n\n\n\n<div class=\"wp-block-group alignfull has-global-padding is-layout-constrained wp-container-core-group-is-layout-3 wp-block-group-is-layout-constrained\" style=\"padding-top:80px;padding-bottom:80px\">\n<div class=\"wp-block-columns alignwide is-layout-flex wp-container-core-columns-is-layout-1 wp-block-columns-is-layout-flex\">\n<div class=\"wp-block-column is-layout-flow wp-block-column-is-layout-flow\" style=\"padding-right:10px;padding-left:10px;flex-basis:50%\">\n<div class=\"wp-block-group is-content-justification-center is-nowrap is-layout-flex wp-container-core-group-is-layout-2 wp-block-group-is-layout-flex\">\n<div class=\"wp-block-group has-global-padding is-content-justification-left is-layout-constrained wp-container-core-group-is-layout-1 wp-block-group-is-layout-constrained\" style=\"padding-bottom:10px\">\n<p class=\"has-text-color has-link-color has-medium-font-size wp-elements-cd7d710f7a84aa6c2df9e27d5657fd27\" style=\"color:#ffbd59;font-style:normal;font-weight:600\">Przek\u0142adki foliowe<\/p>\n\n\n\n<p>Proponujemy Tobie przek\u0142adki zwyk\u0142e PE (polietylen) i z regranulatu (s\u0142omka) o r\u00f3\u017cnych grubo\u015bciach i w r\u00f3\u017cnych rozmiarach.<\/p>\n<\/div>\n<\/div>\n<\/div>\n\n\n\n<div class=\"wp-block-column is-layout-flow wp-block-column-is-layout-flow\" style=\"padding-right:38px;padding-left:38px;flex-basis:50%\">\n<figure class=\"wp-block-image aligncenter size-full is-resized has-custom-border\"><img loading=\"lazy\" decoding=\"async\" width=\"1500\" height=\"748\" src=\"https:\/\/famapak.pl\/wp-content\/uploads\/2024\/09\/71uCnaPk-ZL._SL1500_.jpg\" alt=\"\" class=\"wp-image-191\" style=\"border-radius:16px;box-shadow:6px 6px 9px rgba(0, 0, 0, 0.2);width:576px;height:auto\" srcset=\"https:\/\/famapak.pl\/wp-content\/uploads\/2024\/09\/71uCnaPk-ZL._SL1500_.jpg 1500w, https:\/\/famapak.pl\/wp-content\/uploads\/2024\/09\/71uCnaPk-ZL._SL1500_-300x150.jpg 300w, https:\/\/famapak.pl\/wp-content\/uploads\/2024\/09\/71uCnaPk-ZL._SL1500_-1024x511.jpg 1024w, https:\/\/famapak.pl\/wp-content\/uploads\/2024\/09\/71uCnaPk-ZL._SL1500_-768x383.jpg 768w\" sizes=\"(max-width: 1500px) 100vw, 1500px\" \/><\/figure>\n<\/div>\n<\/div>\n<\/div>\n\n\n\n<div class=\"wp-block-group alignfull has-global-padding is-layout-constrained wp-container-core-group-is-layout-6 wp-block-group-is-layout-constrained\" style=\"padding-top:80px;padding-bottom:80px\">\n<div class=\"wp-block-columns alignwide is-layout-flex wp-container-core-columns-is-layout-2 wp-block-columns-is-layout-flex\">\n<div class=\"wp-block-column is-layout-flow wp-block-column-is-layout-flow\" style=\"padding-right:10px;padding-left:10px;flex-basis:50%\">\n<div class=\"wp-block-group has-global-padding is-content-justification-left is-layout-constrained wp-container-core-group-is-layout-4 wp-block-group-is-layout-constrained\" style=\"padding-bottom:10px\">\n<p class=\"has-text-color has-link-color has-medium-font-size wp-elements-152a20278cf144398bdc405c96d4a44d\" style=\"color:#ffbd59;font-style:normal;font-weight:500\">Przek\u0142adki tekturowe<\/p>\n\n\n\n<p>Przek\u0142adki tekturowe powstaj\u0105 bezpo\u015brednio z arkusza tektury. Najcz\u0119\u015bciej s\u0105 one dopasowane do przedstawionych potrzeb, czyli ich rozmiar, a tak\u017ce kszta\u0142t musz\u0105 odpowiada\u0107 przysz\u0142emu zastosowaniu.<br><\/p>\n\n\n\n<p>Zgodnie z zapotrzebowaniem mog\u0105 posiada\u0107 \u015bci\u0119te, prostopad\u0142e a nawet zaokr\u0105glone k\u0105ty. Jest to element zabezpieczenia stosowanego na palety euro, kt\u00f3ry stabilizuje np. uk\u0142adane kartony.<\/p>\n\n\n\n<p>W ofercie posiadamy r\u00f3wnie\u017c przek\u0142adki antypo\u015blizgowe. Antypo\u015blizg to struktura na tekturze kt\u00f3ra pozwala uk\u0142ada\u0107 r\u00f3\u017cnego rodzaju produkty bez mo\u017cliwo\u015bci ich przemieszczania si\u0119 na palecie. Szczeg\u00f3lnie polecana do \u0142adunk\u00f3w mniej stabilnych takich jak materia\u0142y sypkie w workach foliowych lub papierowych.<\/p>\n<\/div>\n\n\n\n<div class=\"wp-block-group is-content-justification-center is-nowrap is-layout-flex wp-container-core-group-is-layout-5 wp-block-group-is-layout-flex\"><\/div>\n<\/div>\n\n\n\n<div class=\"wp-block-column is-layout-flow wp-block-column-is-layout-flow\" style=\"padding-right:38px;padding-left:38px;flex-basis:50%\">\n<figure class=\"wp-block-image aligncenter size-full is-resized has-custom-border\"><img loading=\"lazy\" decoding=\"async\" width=\"300\" height=\"198\" src=\"https:\/\/famapak.pl\/wp-content\/uploads\/2024\/10\/91ZDtUYI7NL.__AC_SX300_SY300_QL70_ML2_.jpg\" alt=\"\" class=\"wp-image-285\" style=\"border-radius:16px;box-shadow:6px 6px 9px rgba(0, 0, 0, 0.2);width:576px;height:auto\"\/><\/figure>\n<\/div>\n<\/div>\n<\/div>\n<\/div><\/div>\n\n\n\n<p><\/p>\n","protected":false},"excerpt":{"rendered":"","protected":false},"author":1,"featured_media":0,"parent":0,"menu_order":0,"comment_status":"closed","ping_status":"closed","template":"","meta":{"footnotes":""},"class_list":["post-71","page","type-page","status-publish","hentry"],"_links":{"self":[{"href":"https:\/\/famapak.pl\/index.php\/wp-json\/wp\/v2\/pages\/71"}],"collection":[{"href":"https:\/\/famapak.pl\/index.php\/wp-json\/wp\/v2\/pages"}],"about":[{"href":"https:\/\/famapak.pl\/index.php\/wp-json\/wp\/v2\/types\/page"}],"author":[{"embeddable":true,"href":"https:\/\/famapak.pl\/index.php\/wp-json\/wp\/v2\/users\/1"}],"replies":[{"embeddable":true,"href":"https:\/\/famapak.pl\/index.php\/wp-json\/wp\/v2\/comments?post=71"}],"version-history":[{"count":12,"href":"https:\/\/famapak.pl\/index.php\/wp-json\/wp\/v2\/pages\/71\/revisions"}],"predecessor-version":[{"id":286,"href":"https:\/\/famapak.pl\/index.php\/wp-json\/wp\/v2\/pages\/71\/revisions\/286"}],"wp:attachment":[{"href":"https:\/\/famapak.pl\/index.php\/wp-json\/wp\/v2\/media?parent=71"}],"curies":[{"name":"wp","href":"https:\/\/api.w.org\/{rel}","templated":true}]}}