{"id":69,"date":"2024-09-02T15:12:28","date_gmt":"2024-09-02T15:12:28","guid":{"rendered":"https:\/\/famapak.pl\/?page_id=69"},"modified":"2024-09-17T20:24:07","modified_gmt":"2024-09-17T20:24:07","slug":"tasmy","status":"publish","type":"page","link":"https:\/\/famapak.pl\/index.php\/tasmy\/","title":{"rendered":"Ta\u015bmy pakowe"},"content":{"rendered":"\n<div class=\"wp-block-cover alignfull is-light\"><span aria-hidden=\"true\" class=\"wp-block-cover__background has-background-dim-100 has-background-dim\" style=\"background-color:#f3f3f3\"><\/span><div class=\"wp-block-cover__inner-container has-global-padding is-layout-constrained wp-container-core-cover-is-layout-1 wp-block-cover-is-layout-constrained\">\n<div class=\"wp-block-group alignfull has-global-padding is-layout-constrained wp-container-core-group-is-layout-3 wp-block-group-is-layout-constrained\" style=\"padding-top:80px;padding-bottom:80px\">\n<div class=\"wp-block-columns alignwide is-layout-flex wp-container-core-columns-is-layout-1 wp-block-columns-is-layout-flex\">\n<div class=\"wp-block-column is-layout-flow wp-block-column-is-layout-flow\" style=\"padding-right:10px;padding-left:10px;flex-basis:50%\">\n<div class=\"wp-block-group is-content-justification-center is-nowrap is-layout-flex wp-container-core-group-is-layout-2 wp-block-group-is-layout-flex\">\n<div class=\"wp-block-group has-global-padding is-content-justification-left is-layout-constrained wp-container-core-group-is-layout-1 wp-block-group-is-layout-constrained\" style=\"padding-bottom:10px\">\n<h2 class=\"wp-block-heading has-text-color has-link-color has-hedvig-letters-serif-regular-font-family wp-elements-d438d3422c05e33317ca317050f7804b\" style=\"color:#242925\">Ta\u015bmy pakowe<\/h2>\n\n\n\n<p>Firma Fama Pak proponuje ta\u015bmy pakowe r\u00f3\u017cnego rodzaju i przeznaczenia. Produkty ze wzgl\u0119du na rozmiar, kolor, d\u0142ugo\u015b\u0107, szeroko\u015b\u0107 oraz nadruk i rodzaj kleju maj\u0105 r\u00f3\u017cne zastosowania.<br><\/p>\n\n\n\n<p>Proponujemy ta\u015bmy polipropylenowe, papierowe oraz PCV na kleju solvent (kauczuk naturalny), hotmelt i akryl, ta\u015bmy wzmacniane wzd\u0142u\u017cnie i na krzy\u017c jak Filament, ta\u015bmy dwustronne, wyk\u0142adzinowe, srebrne i piankowe.<br><\/p>\n\n\n\n<p>Posiadamy ta\u015bmy r\u0119czne i maszynowe do automatycznych zaklejarek. Szeroka oferta ta\u015bm pakowych z nadrukiem, np. z logo firmy, kt\u00f3re drukujemy pozwoli ka\u017cdemu klientowi na niepowtarzalne oznaczenie swojego produktu i szerok\u0105 reklam\u0119.<\/p>\n\n\n\n<p>Zach\u0119camy do kontaktu w celu poznania oferty oraz do skorzystania z fachowego doradztwa.<\/p>\n<\/div>\n<\/div>\n<\/div>\n\n\n\n<div class=\"wp-block-column is-layout-flow wp-block-column-is-layout-flow\" style=\"padding-right:10px;padding-left:10px;flex-basis:50%\">\n<figure class=\"wp-block-image aligncenter size-full has-custom-border\"><img loading=\"lazy\" decoding=\"async\" width=\"600\" height=\"401\" src=\"https:\/\/famapak.pl\/wp-content\/uploads\/2024\/09\/depositphotos_11620562-stock-photo-packing-tape.webp\" alt=\"\" class=\"wp-image-202\" style=\"border-radius:16px;box-shadow:6px 6px 9px rgba(0, 0, 0, 0.2)\" srcset=\"https:\/\/famapak.pl\/wp-content\/uploads\/2024\/09\/depositphotos_11620562-stock-photo-packing-tape.webp 600w, https:\/\/famapak.pl\/wp-content\/uploads\/2024\/09\/depositphotos_11620562-stock-photo-packing-tape-300x201.webp 300w\" sizes=\"(max-width: 600px) 100vw, 600px\" \/><\/figure>\n<\/div>\n<\/div>\n<\/div>\n<\/div><\/div>\n","protected":false},"excerpt":{"rendered":"","protected":false},"author":1,"featured_media":0,"parent":0,"menu_order":0,"comment_status":"closed","ping_status":"closed","template":"","meta":{"footnotes":""},"class_list":["post-69","page","type-page","status-publish","hentry"],"_links":{"self":[{"href":"https:\/\/famapak.pl\/index.php\/wp-json\/wp\/v2\/pages\/69"}],"collection":[{"href":"https:\/\/famapak.pl\/index.php\/wp-json\/wp\/v2\/pages"}],"about":[{"href":"https:\/\/famapak.pl\/index.php\/wp-json\/wp\/v2\/types\/page"}],"author":[{"embeddable":true,"href":"https:\/\/famapak.pl\/index.php\/wp-json\/wp\/v2\/users\/1"}],"replies":[{"embeddable":true,"href":"https:\/\/famapak.pl\/index.php\/wp-json\/wp\/v2\/comments?post=69"}],"version-history":[{"count":4,"href":"https:\/\/famapak.pl\/index.php\/wp-json\/wp\/v2\/pages\/69\/revisions"}],"predecessor-version":[{"id":205,"href":"https:\/\/famapak.pl\/index.php\/wp-json\/wp\/v2\/pages\/69\/revisions\/205"}],"wp:attachment":[{"href":"https:\/\/famapak.pl\/index.php\/wp-json\/wp\/v2\/media?parent=69"}],"curies":[{"name":"wp","href":"https:\/\/api.w.org\/{rel}","templated":true}]}}