{"id":67,"date":"2024-09-02T15:11:46","date_gmt":"2024-09-02T15:11:46","guid":{"rendered":"https:\/\/famapak.pl\/?page_id=67"},"modified":"2024-09-17T19:46:55","modified_gmt":"2024-09-17T19:46:55","slug":"folia-strech","status":"publish","type":"page","link":"https:\/\/famapak.pl\/index.php\/folia-strech\/","title":{"rendered":"Folia strech"},"content":{"rendered":"\n<div class=\"wp-block-cover alignfull is-light\"><span aria-hidden=\"true\" class=\"wp-block-cover__background has-background-dim-100 has-background-dim\" style=\"background-color:#f3f3f3\"><\/span><div class=\"wp-block-cover__inner-container has-global-padding is-layout-constrained wp-container-core-cover-is-layout-1 wp-block-cover-is-layout-constrained\">\n<div class=\"wp-block-group alignfull has-global-padding is-layout-constrained wp-container-core-group-is-layout-3 wp-block-group-is-layout-constrained\" style=\"padding-top:80px;padding-bottom:80px\">\n<div class=\"wp-block-columns alignwide is-layout-flex wp-container-core-columns-is-layout-1 wp-block-columns-is-layout-flex\">\n<div class=\"wp-block-column is-layout-flow wp-block-column-is-layout-flow\" style=\"padding-right:10px;padding-left:10px;flex-basis:50%\">\n<div class=\"wp-block-group is-content-justification-center is-nowrap is-layout-flex wp-container-core-group-is-layout-2 wp-block-group-is-layout-flex\">\n<div class=\"wp-block-group has-global-padding is-content-justification-left is-layout-constrained wp-container-core-group-is-layout-1 wp-block-group-is-layout-constrained\" style=\"padding-bottom:10px\">\n<h2 class=\"wp-block-heading has-text-color has-link-color has-hedvig-letters-serif-regular-font-family wp-elements-518b1924458c685df01c707e255ee04b\" style=\"color:#242925\">Folia strech<\/h2>\n\n\n\n<p>Folia Stretch jest przeznaczona do r\u0119cznego owijania towaru lub folia maszynowa do automatycznego owijania palet. W ofercie mamy folie o r\u00f3\u017cnych grubo\u015bciach i rozci\u0105gu, kolorach i szeroko\u015bciach.<\/p>\n\n\n\n<p>Folia stretch, zwana tak\u017ce foli\u0105 do palet, to elastyczna folia z tworzywa sztucznego, kt\u00f3ra jest stosowana do zabezpieczania i \u015bci\u015blejszego owijania produkt\u00f3w podczas transportu, magazynowania lub przechowywania.<\/p>\n\n\n\n<p>Folia stretch sk\u0142ada si\u0119 z warstw polietylenu, kt\u00f3re s\u0105 rozci\u0105gni\u0119te i nawini\u0119te na rolce. Folia ta jest bardzo elastyczna, co umo\u017cliwia jej przyleganie do produkt\u00f3w i formowanie si\u0119 wok\u00f3\u0142 ich kszta\u0142tu, a tak\u017ce zapewnienia bezpieczne i stabilne owijanie.<\/p>\n\n\n\n<p>Folia stretch jest stosowana do owijania palet z produktami (co zapobiega przemieszczaniu si\u0119 i uszkodzeniom w trakcie transportu), magazynowania i przechowywania. Chroni ona r\u00f3wnie\u017c produkty przed kurzem, wilgoci\u0105 i innymi szkodliwymi czynnikami zewn\u0119trznymi.<\/p>\n\n\n\n<p>Zadzwo\u0144, a dobierzemy odpowiedni\u0105 foli\u0119 do Twojego produktu.<\/p>\n<\/div>\n<\/div>\n<\/div>\n\n\n\n<div class=\"wp-block-column is-layout-flow wp-block-column-is-layout-flow\" style=\"padding-right:10px;padding-left:10px;flex-basis:50%\">\n<figure class=\"wp-block-image aligncenter size-full is-resized has-custom-border\"><img loading=\"lazy\" decoding=\"async\" width=\"225\" height=\"225\" src=\"https:\/\/famapak.pl\/wp-content\/uploads\/2024\/09\/images.jpg\" alt=\"\" class=\"wp-image-208\" style=\"border-radius:16px;box-shadow:6px 6px 9px rgba(0, 0, 0, 0.2);width:468px;height:auto\" srcset=\"https:\/\/famapak.pl\/wp-content\/uploads\/2024\/09\/images.jpg 225w, https:\/\/famapak.pl\/wp-content\/uploads\/2024\/09\/images-150x150.jpg 150w\" sizes=\"(max-width: 225px) 100vw, 225px\" \/><\/figure>\n<\/div>\n<\/div>\n<\/div>\n<\/div><\/div>\n","protected":false},"excerpt":{"rendered":"","protected":false},"author":1,"featured_media":0,"parent":0,"menu_order":0,"comment_status":"closed","ping_status":"closed","template":"","meta":{"footnotes":""},"class_list":["post-67","page","type-page","status-publish","hentry"],"_links":{"self":[{"href":"https:\/\/famapak.pl\/index.php\/wp-json\/wp\/v2\/pages\/67"}],"collection":[{"href":"https:\/\/famapak.pl\/index.php\/wp-json\/wp\/v2\/pages"}],"about":[{"href":"https:\/\/famapak.pl\/index.php\/wp-json\/wp\/v2\/types\/page"}],"author":[{"embeddable":true,"href":"https:\/\/famapak.pl\/index.php\/wp-json\/wp\/v2\/users\/1"}],"replies":[{"embeddable":true,"href":"https:\/\/famapak.pl\/index.php\/wp-json\/wp\/v2\/comments?post=67"}],"version-history":[{"count":5,"href":"https:\/\/famapak.pl\/index.php\/wp-json\/wp\/v2\/pages\/67\/revisions"}],"predecessor-version":[{"id":209,"href":"https:\/\/famapak.pl\/index.php\/wp-json\/wp\/v2\/pages\/67\/revisions\/209"}],"wp:attachment":[{"href":"https:\/\/famapak.pl\/index.php\/wp-json\/wp\/v2\/media?parent=67"}],"curies":[{"name":"wp","href":"https:\/\/api.w.org\/{rel}","templated":true}]}}