{"id":65,"date":"2024-09-02T15:10:51","date_gmt":"2024-09-02T15:10:51","guid":{"rendered":"https:\/\/famapak.pl\/?page_id=65"},"modified":"2024-09-17T20:23:49","modified_gmt":"2024-09-17T20:23:49","slug":"tasmy-spinajace","status":"publish","type":"page","link":"https:\/\/famapak.pl\/index.php\/tasmy-spinajace\/","title":{"rendered":"Ta\u015bmy spinaj\u0105ce"},"content":{"rendered":"\n<div class=\"wp-block-cover alignfull is-light\"><span aria-hidden=\"true\" class=\"wp-block-cover__background has-background-dim-100 has-background-dim\" style=\"background-color:#f3f3f3\"><\/span><div class=\"wp-block-cover__inner-container has-global-padding is-layout-constrained wp-container-core-cover-is-layout-1 wp-block-cover-is-layout-constrained\">\n<div class=\"wp-block-group alignfull has-global-padding is-layout-constrained wp-container-core-group-is-layout-3 wp-block-group-is-layout-constrained\" style=\"padding-top:80px;padding-bottom:80px\">\n<div class=\"wp-block-columns alignwide is-layout-flex wp-container-core-columns-is-layout-1 wp-block-columns-is-layout-flex\">\n<div class=\"wp-block-column is-layout-flow wp-block-column-is-layout-flow\" style=\"padding-right:10px;padding-left:10px;flex-basis:40%\">\n<figure class=\"wp-block-image aligncenter size-full is-resized has-custom-border\"><img loading=\"lazy\" decoding=\"async\" width=\"300\" height=\"300\" src=\"https:\/\/famapak.pl\/wp-content\/uploads\/2024\/09\/COMPOSITE-STRAP.jpg\" alt=\"\" class=\"wp-image-179\" style=\"border-radius:16px;box-shadow:6px 6px 9px rgba(0, 0, 0, 0.2);width:396px;height:auto\" srcset=\"https:\/\/famapak.pl\/wp-content\/uploads\/2024\/09\/COMPOSITE-STRAP.jpg 300w, https:\/\/famapak.pl\/wp-content\/uploads\/2024\/09\/COMPOSITE-STRAP-150x150.jpg 150w\" sizes=\"(max-width: 300px) 100vw, 300px\" \/><\/figure>\n<\/div>\n\n\n\n<div class=\"wp-block-column is-vertically-aligned-center is-layout-flow wp-block-column-is-layout-flow\" style=\"padding-right:10px;padding-left:10px;flex-basis:60%\">\n<div class=\"wp-block-group is-content-justification-center is-nowrap is-layout-flex wp-container-core-group-is-layout-2 wp-block-group-is-layout-flex\">\n<div class=\"wp-block-group has-global-padding is-content-justification-left is-layout-constrained wp-container-core-group-is-layout-1 wp-block-group-is-layout-constrained\" style=\"padding-top:30px;padding-bottom:30px\">\n<h2 class=\"wp-block-heading has-text-color has-link-color has-hedvig-letters-serif-regular-font-family wp-elements-bfeff37ec2a7b4a68c9e024cf2750c2d\" style=\"color:#242925;font-size:clamp(1.502rem, 1.502rem + ((1vw - 0.2rem) * 1.815), 2.5rem);\">Ta\u015bmy spinaj\u0105ce<br>i akcesoria<\/h2>\n\n\n\n<p style=\"margin-top:0px;margin-right:0px;margin-bottom:0px;margin-left:0px;padding-top:20px;padding-right:0px;padding-bottom:0px;padding-left:0px\">Ta\u015bma spinaj\u0105ca umo\u017cliwia wygodne i bezpieczne spi\u0119cie \u0142adunku. Prawid\u0142owe wykorzystanie ta\u015bmy sprawi, \u017ce nawet najci\u0119\u017cszy towar b\u0119dzie dobrze zabezpieczony. W naszym asortymencie wyr\u00f3\u017cniamy ta\u015bmy polipropylenowe (PP) i poliestrowe (PET). <\/p>\n\n\n\n<p style=\"margin-top:0px;margin-right:0px;margin-bottom:0px;margin-left:0px;padding-top:20px;padding-right:0px;padding-bottom:0px;padding-left:0px\">Do spinania produkt\u00f3w niezb\u0119dne b\u0119d\u0105 r\u00f3wnie\u017c zapinki (plastikowe, druciane, metalowe), naro\u017cniki ochronne oraz napinacze i paskowacze, kt\u00f3re r\u00f3wnie\u017c mamy w ci\u0105g\u0142ej sprzeda\u017cy.<\/p>\n<\/div>\n<\/div>\n<\/div>\n<\/div>\n<\/div>\n<\/div><\/div>\n","protected":false},"excerpt":{"rendered":"","protected":false},"author":1,"featured_media":0,"parent":0,"menu_order":0,"comment_status":"closed","ping_status":"closed","template":"","meta":{"footnotes":""},"class_list":["post-65","page","type-page","status-publish","hentry"],"_links":{"self":[{"href":"https:\/\/famapak.pl\/index.php\/wp-json\/wp\/v2\/pages\/65"}],"collection":[{"href":"https:\/\/famapak.pl\/index.php\/wp-json\/wp\/v2\/pages"}],"about":[{"href":"https:\/\/famapak.pl\/index.php\/wp-json\/wp\/v2\/types\/page"}],"author":[{"embeddable":true,"href":"https:\/\/famapak.pl\/index.php\/wp-json\/wp\/v2\/users\/1"}],"replies":[{"embeddable":true,"href":"https:\/\/famapak.pl\/index.php\/wp-json\/wp\/v2\/comments?post=65"}],"version-history":[{"count":8,"href":"https:\/\/famapak.pl\/index.php\/wp-json\/wp\/v2\/pages\/65\/revisions"}],"predecessor-version":[{"id":223,"href":"https:\/\/famapak.pl\/index.php\/wp-json\/wp\/v2\/pages\/65\/revisions\/223"}],"wp:attachment":[{"href":"https:\/\/famapak.pl\/index.php\/wp-json\/wp\/v2\/media?parent=65"}],"curies":[{"name":"wp","href":"https:\/\/api.w.org\/{rel}","templated":true}]}}