{"id":63,"date":"2024-09-02T15:09:54","date_gmt":"2024-09-02T15:09:54","guid":{"rendered":"https:\/\/famapak.pl\/?page_id=63"},"modified":"2024-09-17T19:49:45","modified_gmt":"2024-09-17T19:49:45","slug":"kalki","status":"publish","type":"page","link":"https:\/\/famapak.pl\/index.php\/kalki\/","title":{"rendered":"Kalki"},"content":{"rendered":"\n<div class=\"wp-block-cover alignfull is-light\"><span aria-hidden=\"true\" class=\"wp-block-cover__background has-background-dim-100 has-background-dim\" style=\"background-color:#f3f3f3\"><\/span><div class=\"wp-block-cover__inner-container has-global-padding is-layout-constrained wp-container-core-cover-is-layout-1 wp-block-cover-is-layout-constrained\">\n<div class=\"wp-block-group alignfull has-global-padding is-layout-constrained wp-container-core-group-is-layout-3 wp-block-group-is-layout-constrained\" style=\"padding-top:80px;padding-bottom:80px\">\n<div class=\"wp-block-columns alignwide is-layout-flex wp-container-core-columns-is-layout-1 wp-block-columns-is-layout-flex\">\n<div class=\"wp-block-column is-layout-flow wp-block-column-is-layout-flow\" style=\"padding-right:10px;padding-left:10px;flex-basis:40%\">\n<figure class=\"wp-block-image aligncenter size-full has-custom-border\"><img loading=\"lazy\" decoding=\"async\" width=\"865\" height=\"500\" src=\"https:\/\/famapak.pl\/wp-content\/uploads\/2024\/09\/Kalki.jpg\" alt=\"\" class=\"wp-image-212\" style=\"border-radius:16px;box-shadow:6px 6px 9px rgba(0, 0, 0, 0.2)\" srcset=\"https:\/\/famapak.pl\/wp-content\/uploads\/2024\/09\/Kalki.jpg 865w, https:\/\/famapak.pl\/wp-content\/uploads\/2024\/09\/Kalki-300x173.jpg 300w, https:\/\/famapak.pl\/wp-content\/uploads\/2024\/09\/Kalki-768x444.jpg 768w\" sizes=\"(max-width: 865px) 100vw, 865px\" \/><\/figure>\n<\/div>\n\n\n\n<div class=\"wp-block-column is-vertically-aligned-center is-layout-flow wp-block-column-is-layout-flow\" style=\"padding-right:10px;padding-left:10px;flex-basis:60%\">\n<div class=\"wp-block-group is-content-justification-center is-nowrap is-layout-flex wp-container-core-group-is-layout-2 wp-block-group-is-layout-flex\">\n<div class=\"wp-block-group has-global-padding is-content-justification-left is-layout-constrained wp-container-core-group-is-layout-1 wp-block-group-is-layout-constrained\" style=\"padding-top:30px;padding-bottom:30px\">\n<h2 class=\"wp-block-heading has-text-color has-link-color has-hedvig-letters-serif-regular-font-family wp-elements-be50f41eb9c9c99da463ba4e0a8db403\" style=\"color:#242925;font-size:clamp(1.502rem, 1.502rem + ((1vw - 0.2rem) * 1.815), 2.5rem);\">Kalki<\/h2>\n\n\n\n<p style=\"margin-top:0px;margin-right:0px;margin-bottom:0px;margin-left:0px;padding-top:20px;padding-right:0px;padding-bottom:0px;padding-left:0px\">Naszymi kalkami nadrukujesz na ka\u017cdym opakowaniu . Odkryj nasz\u0105 szerok\u0105 ofert\u0119 ta\u015bm termotransferowych, kt\u00f3re zapewni\u0105 doskona\u0142\u0105 jako\u015b\u0107 druku i niezawodno\u015b\u0107 w ka\u017cdej aplikacji.<\/p>\n\n\n\n<p style=\"margin-top:0px;margin-right:0px;margin-bottom:0px;margin-left:0px;padding-top:20px;padding-right:0px;padding-bottom:0px;padding-left:0px\">Jeste\u015bmy ekspertami w dziedzinie ta\u015bm termotransferowych i ch\u0119tnie pomo\u017cemy dobra\u0107 najlepsze rozwi\u0105zanie.<br><\/p>\n\n\n\n<p style=\"margin-top:0px;margin-right:0px;margin-bottom:0px;margin-left:0px;padding-top:20px;padding-right:0px;padding-bottom:0px;padding-left:0px\">Skontaktuj si\u0119 z nami ju\u017c dzi\u015b, aby uzyska\u0107 profesjonalne doradztwo i wsparcie. Wybierz jako\u015b\u0107 \u2013 wybierz nasze ta\u015bmy termotransferowe!<\/p>\n<\/div>\n<\/div>\n<\/div>\n<\/div>\n<\/div>\n<\/div><\/div>\n","protected":false},"excerpt":{"rendered":"","protected":false},"author":1,"featured_media":0,"parent":0,"menu_order":0,"comment_status":"closed","ping_status":"closed","template":"","meta":{"footnotes":""},"class_list":["post-63","page","type-page","status-publish","hentry"],"_links":{"self":[{"href":"https:\/\/famapak.pl\/index.php\/wp-json\/wp\/v2\/pages\/63"}],"collection":[{"href":"https:\/\/famapak.pl\/index.php\/wp-json\/wp\/v2\/pages"}],"about":[{"href":"https:\/\/famapak.pl\/index.php\/wp-json\/wp\/v2\/types\/page"}],"author":[{"embeddable":true,"href":"https:\/\/famapak.pl\/index.php\/wp-json\/wp\/v2\/users\/1"}],"replies":[{"embeddable":true,"href":"https:\/\/famapak.pl\/index.php\/wp-json\/wp\/v2\/comments?post=63"}],"version-history":[{"count":3,"href":"https:\/\/famapak.pl\/index.php\/wp-json\/wp\/v2\/pages\/63\/revisions"}],"predecessor-version":[{"id":213,"href":"https:\/\/famapak.pl\/index.php\/wp-json\/wp\/v2\/pages\/63\/revisions\/213"}],"wp:attachment":[{"href":"https:\/\/famapak.pl\/index.php\/wp-json\/wp\/v2\/media?parent=63"}],"curies":[{"name":"wp","href":"https:\/\/api.w.org\/{rel}","templated":true}]}}