{"id":298,"date":"2024-10-04T18:37:05","date_gmt":"2024-10-04T18:37:05","guid":{"rendered":"https:\/\/famapak.pl\/?page_id=298"},"modified":"2024-10-04T19:00:41","modified_gmt":"2024-10-04T19:00:41","slug":"rodo","status":"publish","type":"page","link":"https:\/\/famapak.pl\/index.php\/rodo\/","title":{"rendered":"RODO"},"content":{"rendered":"\n<div class=\"wp-block-cover alignfull is-light\" style=\"padding-top:var(--wp--preset--spacing--70);padding-bottom:var(--wp--preset--spacing--70)\"><span aria-hidden=\"true\" class=\"wp-block-cover__background has-background-dim-100 has-background-dim\" style=\"background-color:#f3f3f3\"><\/span><div class=\"wp-block-cover__inner-container has-global-padding is-layout-constrained wp-container-core-cover-is-layout-1 wp-block-cover-is-layout-constrained\">\n<div class=\"wp-block-columns is-layout-flex wp-container-core-columns-is-layout-1 wp-block-columns-is-layout-flex\">\n<div class=\"wp-block-column is-layout-flow wp-block-column-is-layout-flow\" style=\"flex-basis:100%\">\n<p class=\"has-text-align-left\" style=\"padding-top:0;padding-bottom:0\"><strong>Klauzula informacyjna o przetwarzaniu danych osobowych<\/strong><\/p>\n<\/div>\n<\/div>\n\n\n\n<p style=\"padding-top:0;padding-bottom:0\">Niniejszym informujemy, \u017ce przetwarzamy Twoje dane osobowe zgodnie z Rozporz\u0105dzeniem Parlamentu Europejskiego i Rady (UE) 2016\/679 z dnia 27 kwietnia 2016 r., w sprawie ochrony os\u00f3b fizycznych w zwi\u0105zku z przetwarzaniem danych osobowych i w sprawie swobodnego przep\u0142ywu takich danych oraz uchylenia dyrektywy 95\/46\/WE (\u201eRODO\u201d). Szczeg\u00f3\u0142y zamieszczamy poni\u017cej.<\/p>\n\n\n\n<p><strong>Administrator Danych<\/strong>: Administratorem Twoich danych osobowych jest firma FAMA PAK z siedzib\u0105:  ul. 11 Listopada 114b\/1, 62-030 Lubo\u0144.<\/p>\n\n\n\n<p><strong>Cele przetwarzania<\/strong>: Twoje dane osobowe (imi\u0119, nazwisko, adres e-mail) b\u0119d\u0105 przetwarzane w celach marketingowych i handlowych, w tym w celu przesy\u0142ania informacji o naszych produktach, us\u0142ugach oraz promocjach.<\/p>\n\n\n\n<p><strong>Podstawa prawna<\/strong>: Przetwarzanie danych odbywa si\u0119 na podstawie Twojej zgody (art. 6 ust. 1 lit. a RODO).<\/p>\n\n\n\n<p><strong>Okres przechowywania<\/strong>: Twoje dane osobowe b\u0119d\u0105 przechowywane przez czas niezb\u0119dny do realizacji cel\u00f3w, dla kt\u00f3rych zosta\u0142y zebrane, nie d\u0142u\u017cej jednak ni\u017c do momentu wycofania przez Ciebie zgody.<\/p>\n\n\n\n<p><strong>Odbiorcy danych<\/strong>: Twoje dane osobowe mog\u0105 by\u0107 przekazywane podmiotom wsp\u00f3\u0142pracuj\u0105cym z FAMA PAK w celu realizacji powy\u017cszych cel\u00f3w, jednak nie b\u0119d\u0105 sprzedawane ani udost\u0119pniane innym podmiotom.<\/p>\n\n\n\n<p><strong>Twoje prawa<\/strong>: Masz prawo do dost\u0119pu do swoich danych, ich sprostowania, usuni\u0119cia, ograniczenia przetwarzania, przenoszenia danych oraz wniesienia sprzeciwu wobec przetwarzania. W ka\u017cdej chwili mo\u017cesz cofn\u0105\u0107 swoj\u0105 zgod\u0119 na przetwarzanie danych osobowych.<\/p>\n\n\n\n<p><strong>Kontakt<\/strong>: W celu skorzystania ze swoich praw lub uzyskania dodatkowych informacji, skontaktuj si\u0119 z nami pod adresem e-mail: biuro@famapak.pl.<\/p>\n\n\n\n<p><strong>Prawo do skargi<\/strong>: Masz prawo wniesienia skargi do Prezesa Urz\u0119du Ochrony Danych Osobowych, je\u015bli uznasz, \u017ce przetwarzanie Twoich danych osobowych narusza przepisy RODO.<\/p>\n\n\n\n<p>Dzi\u0119kujemy za zaufanie i zapewniamy, \u017ce do\u0142o\u017cymy wszelkich stara\u0144, aby Twoje dane by\u0142y odpowiednio chronione.<\/p>\n\n\n\n<p>FAMA PAK<\/p>\n<\/div><\/div>\n","protected":false},"excerpt":{"rendered":"","protected":false},"author":1,"featured_media":0,"parent":0,"menu_order":0,"comment_status":"closed","ping_status":"closed","template":"","meta":{"footnotes":""},"class_list":["post-298","page","type-page","status-publish","hentry"],"_links":{"self":[{"href":"https:\/\/famapak.pl\/index.php\/wp-json\/wp\/v2\/pages\/298"}],"collection":[{"href":"https:\/\/famapak.pl\/index.php\/wp-json\/wp\/v2\/pages"}],"about":[{"href":"https:\/\/famapak.pl\/index.php\/wp-json\/wp\/v2\/types\/page"}],"author":[{"embeddable":true,"href":"https:\/\/famapak.pl\/index.php\/wp-json\/wp\/v2\/users\/1"}],"replies":[{"embeddable":true,"href":"https:\/\/famapak.pl\/index.php\/wp-json\/wp\/v2\/comments?post=298"}],"version-history":[{"count":5,"href":"https:\/\/famapak.pl\/index.php\/wp-json\/wp\/v2\/pages\/298\/revisions"}],"predecessor-version":[{"id":306,"href":"https:\/\/famapak.pl\/index.php\/wp-json\/wp\/v2\/pages\/298\/revisions\/306"}],"wp:attachment":[{"href":"https:\/\/famapak.pl\/index.php\/wp-json\/wp\/v2\/media?parent=298"}],"curies":[{"name":"wp","href":"https:\/\/api.w.org\/{rel}","templated":true}]}}